{"id":1968,"date":"2025-07-03T00:23:23","date_gmt":"2025-07-02T21:23:23","guid":{"rendered":"https:\/\/uxstudio.com.tr\/rdn\/?post_type=product&#038;p=1968"},"modified":"2025-08-15T12:09:47","modified_gmt":"2025-08-15T09:09:47","slug":"basic-nutritions-coco-a-20-lt","status":"publish","type":"product","link":"https:\/\/uxstudio.com.tr\/rdn\/urun\/basic-nutritions-coco-a-20-lt\/","title":{"rendered":"Basic Nutritions Coco A+B 20 L"},"content":{"rendered":"<p>BAS\u0130C NUTR\u0130T\u0130ON Coco A+B 20L<\/p>\n<p>COCO A + B<br \/>\n\u2022 Yeti\u015ftirme i\u00e7in geli\u015ftirilmi\u015f profesyonel g\u00fcbre<br \/>\n\u2022 hindistan cevizi substratlar\u0131.<br \/>\n\u2022 B\u00fcy\u00fcme ve \u00e7i\u00e7eklenme d\u00f6nemine uygun<br \/>\n\u2022 Sa\u011fl\u0131kl\u0131 toprak ya\u015fam\u0131 sa\u011flar<br \/>\n\u2022 Besinlerin optimal emilimi<br \/>\n\u2022 Balast i\u00e7ermez<\/p>\n<p>EC \u2013G\u00dcBRE Birincil, ikincil ve mikro besin maddeleri i\u00e7eren inorganik g\u00fcbre, kar\u0131\u015f\u0131m.<br \/>\nSadece kesin ihtiya\u00e7 durumunda kullan\u0131lmal\u0131d\u0131r. Gerekli dozu a\u015fmay\u0131n.<\/p>\n<p>A + B D\u00fczeyleri:\u00a0a\u011f\u0131rl\u0131k y\u00fczdesi (a\/a) olarak tamamen suda \u00e7\u00f6z\u00fcn\u00fcr: NPK A + B: 3-3-6<br \/>\nUygulama: Coco B ile birlikte kullan\u0131l\u0131r. Su ile e\u015fit oranlarda kar\u0131\u015ft\u0131r\u0131l\u0131r.<br \/>\nD\u00f6llenmi\u015f (saks\u0131) toprakta kullan\u0131ld\u0131\u011f\u0131nda, dozu yar\u0131ya indirin.<\/p>\n<p>Dozaj:\u00a01 litre sulama suyuna 1-4 ml A ve 1-4 ml B. pH: 6 EC: 1.2-2.5<br \/>\nSaklama Talimatlar\u0131: \u00d6zel bir \u00f6nlem gerekmez.<br \/>\n\u00dcr\u00fcn\u00fc kuru, iyi havaland\u0131r\u0131lm\u0131\u015f bir alanda saklay\u0131n. D\u00f6k\u00fclme veya s\u0131z\u0131nt\u0131 durumunda<br \/>\noday\u0131 havaland\u0131r\u0131n. Emici malzeme ile dikin.<br \/>\nKanalizasyona veya umumi sulara girmesine izin vermeyin. Zemine izinsiz girmekten ka\u00e7\u0131n\u0131n.<\/p>\n<p>Kullan\u0131m talimatlar\u0131:\u00a0Uygun koruyucu giysi, eldiven ve<br \/>\ng\u00f6zl\u00fck. Cilt ile temas\u0131 halinde hemen su ile y\u0131kay\u0131n\u0131z.<br \/>\nYutulmas\u0131 halinde derhal t\u0131bbi yard\u0131m al\u0131n ve etiketi g\u00f6sterin.<br \/>\nKullan\u0131m s\u0131ras\u0131nda yemek yemeyin, i\u00e7meyin veya sigara i\u00e7meyin. \u00c7ocuklar\u0131n eri\u015femeyece\u011fi yerlerde saklay\u0131n.<\/p>\n<p>Net a\u011f\u0131rl\u0131k:<br \/>\n1208 gr \/1 L 5768 gr \/5 L 11.083 gr \/10 L 22.166 gr \/20 L<\/p>\n<p>Uygun:<br \/>\n1L, 5L, 10L, 20L<\/p>\n<p>Depolama s\u0131cakl\u0131\u011f\u0131:<br \/>\nen az 5 santigrat derece<\/p>\n<p>&nbsp;<\/p>\n","protected":false},"excerpt":{"rendered":"<p>Lorem ipsum dolor sit amet, consectetuer adipiscing elit. Aenean commodo ligula eget dolor. Aenean massa. Cum sociis natoque penatibus et magnis dis parturient montes, nascetur ridiculus mus. Donec quam felis, ultricies..<\/p>\n","protected":false},"featured_media":1969,"comment_status":"closed","ping_status":"closed","template":"","meta":[],"product_cat":[60],"product_tag":[],"class_list":{"0":"post-1968","1":"product","2":"type-product","3":"status-publish","4":"has-post-thumbnail","6":"product_cat-rdn-basic-coco-ab","8":"first","9":"instock","10":"taxable","11":"shipping-taxable","12":"purchasable","13":"product-type-simple"},"_links":{"self":[{"href":"https:\/\/uxstudio.com.tr\/rdn\/wp-json\/wp\/v2\/product\/1968","targetHints":{"allow":["GET"]}}],"collection":[{"href":"https:\/\/uxstudio.com.tr\/rdn\/wp-json\/wp\/v2\/product"}],"about":[{"href":"https:\/\/uxstudio.com.tr\/rdn\/wp-json\/wp\/v2\/types\/product"}],"replies":[{"embeddable":true,"href":"https:\/\/uxstudio.com.tr\/rdn\/wp-json\/wp\/v2\/comments?post=1968"}],"wp:featuredmedia":[{"embeddable":true,"href":"https:\/\/uxstudio.com.tr\/rdn\/wp-json\/wp\/v2\/media\/1969"}],"wp:attachment":[{"href":"https:\/\/uxstudio.com.tr\/rdn\/wp-json\/wp\/v2\/media?parent=1968"}],"wp:term":[{"taxonomy":"product_cat","embeddable":true,"href":"https:\/\/uxstudio.com.tr\/rdn\/wp-json\/wp\/v2\/product_cat?post=1968"},{"taxonomy":"product_tag","embeddable":true,"href":"https:\/\/uxstudio.com.tr\/rdn\/wp-json\/wp\/v2\/product_tag?post=1968"}],"curies":[{"name":"wp","href":"https:\/\/api.w.org\/{rel}","templated":true}]}}