{"id":2080,"date":"2025-07-20T16:36:18","date_gmt":"2025-07-20T13:36:18","guid":{"rendered":"https:\/\/uxstudio.com.tr\/rdn\/?post_type=product&#038;p=2080"},"modified":"2025-08-14T11:51:43","modified_gmt":"2025-08-14T08:51:43","slug":"calcium-mg-1-l","status":"publish","type":"product","link":"https:\/\/uxstudio.com.tr\/rdn\/urun\/calcium-mg-1-l\/","title":{"rendered":"Calcium mg 1 L"},"content":{"rendered":"<p>RDN KALS\u0130YUM MG<br \/>\n\u2022 y\u00fcksek konsantrasyonlu kalsiyum ve magnezyum<br \/>\n\u2022 ikincil beslenme eksikliklerini \u00f6nler<br \/>\n\u2022 toprak, hindistancevizi ve Hydro i\u00e7in uygun<br \/>\nKalsiyum ve magnezyum i\u00e7in \u00f6zel takviye<br \/>\nBesinlerin emilimini ve b\u00fcy\u00fcmesini iyile\u015ftirir<br \/>\nEksiklik belirtilerini \u00f6nler<br \/>\nYumu\u015fak su veya ters ozmoz i\u00e7in uygundur<\/p>\n<p>RDN Calcium MG, ekin ile ekinlerin en iyi \u015fekilde bak\u0131m\u0131 i\u00e7in bir besin takviyesidir.<br \/>\nbesinler kalsiyum ve magnezyum. A\u011f\u0131rl\u0131kl\u0131 olarak yumu\u015fak su ve ters ozmoz tesisatlar\u0131ndan gelen su<br \/>\nyetersiz kalsiyum ve magnezyum i\u00e7erir. Ancak, bu s\u00f6zde ikincil unsurlar bir rol oynamaktad\u0131r.<br \/>\nmahsul\u00fcn metabolizmas\u0131nda ve sa\u011fl\u0131kl\u0131 geli\u015fiminde \u00e7ok \u00f6nemli bir rol oynar.<br \/>\nDo\u011fru EC de\u011feri, besinlerin optimal emilimidir.<\/p>\n<p>Suyunuzun optimize edilmi\u015f bir EC de\u011feri, su temini i\u00e7in \u00e7e\u015fitli avantajlar\u0131 bir araya getirir.<br \/>\nekininizin besin maddeleri ve buna ba\u011fl\u0131 sa\u011fl\u0131kl\u0131 geli\u015fimi<br \/>\nHindistan cevizi substrat\u0131 \u00fczerinde b\u00fcy\u00fcrken \u00e7ok \u00f6nemlidir<\/p>\n<p>Hindistan cevizi substrat\u0131 \u00fczerinde bir mahsul yeti\u015ftiriyorsan\u0131z, RDN Calcium MG kullanman\u0131z\u0131 \u00f6neririz. \u00c7\u00fcnk\u00fc<br \/>\nhindistan cevizi substrat\u0131 genellikle kalsiyum ve magnezyum bak\u0131m\u0131ndan d\u00fc\u015f\u00fckt\u00fcr. BGP Kalsiyum MG kullan\u0131rken,<br \/>\ntehlikeli noksanl\u0131k belirtileri g\u00f6sterir ve herhangi bir yeti\u015ftirme ortam\u0131nda \u00e7ok y\u00fcksek verim sa\u011flar.<\/p>\n<p>TAL\u0130MATLAR :<br \/>\n1 litre besin \u00e7\u00f6zeltisi ba\u015f\u0131na 0,3 ml ila 1,0 ml RDN CALSIUM MG<\/p>\n","protected":false},"excerpt":{"rendered":"<p>RDN KALS\u0130YUM MG \u2022 y\u00fcksek konsantrasyonlu kalsiyum ve magnezyum \u2022 ikincil beslenme eksikliklerini \u00f6nler \u2022 toprak, hindistancevizi ve Hydro i\u00e7in uygun Kalsiyum ve magnezyum i\u00e7in \u00f6zel takviye Besinlerin emilimini ve b\u00fcy\u00fcmesini iyile\u015ftirir Eksiklik belirtilerini \u00f6nler Yumu\u015fak su veya ters ozmoz i\u00e7in uygundur RDN Calcium MG, ekin ile ekinlerin en iyi \u015fekilde bak\u0131m\u0131 i\u00e7in bir besin [&hellip;]<\/p>\n","protected":false},"featured_media":2078,"comment_status":"closed","ping_status":"closed","template":"","meta":[],"product_cat":[74,52],"product_tag":[],"class_list":{"0":"post-2080","1":"product","2":"type-product","3":"status-publish","4":"has-post-thumbnail","6":"product_cat-rdn-calcium-mg","7":"product_cat-rdn-katki-maddeleri","9":"first","10":"instock","11":"taxable","12":"shipping-taxable","13":"purchasable","14":"product-type-simple"},"_links":{"self":[{"href":"https:\/\/uxstudio.com.tr\/rdn\/wp-json\/wp\/v2\/product\/2080","targetHints":{"allow":["GET"]}}],"collection":[{"href":"https:\/\/uxstudio.com.tr\/rdn\/wp-json\/wp\/v2\/product"}],"about":[{"href":"https:\/\/uxstudio.com.tr\/rdn\/wp-json\/wp\/v2\/types\/product"}],"replies":[{"embeddable":true,"href":"https:\/\/uxstudio.com.tr\/rdn\/wp-json\/wp\/v2\/comments?post=2080"}],"wp:featuredmedia":[{"embeddable":true,"href":"https:\/\/uxstudio.com.tr\/rdn\/wp-json\/wp\/v2\/media\/2078"}],"wp:attachment":[{"href":"https:\/\/uxstudio.com.tr\/rdn\/wp-json\/wp\/v2\/media?parent=2080"}],"wp:term":[{"taxonomy":"product_cat","embeddable":true,"href":"https:\/\/uxstudio.com.tr\/rdn\/wp-json\/wp\/v2\/product_cat?post=2080"},{"taxonomy":"product_tag","embeddable":true,"href":"https:\/\/uxstudio.com.tr\/rdn\/wp-json\/wp\/v2\/product_tag?post=2080"}],"curies":[{"name":"wp","href":"https:\/\/api.w.org\/{rel}","templated":true}]}}