{"id":2086,"date":"2025-07-20T16:47:40","date_gmt":"2025-07-20T13:47:40","guid":{"rendered":"https:\/\/uxstudio.com.tr\/rdn\/?post_type=product&#038;p=2086"},"modified":"2025-08-14T13:00:24","modified_gmt":"2025-08-14T10:00:24","slug":"cleaner-250-ml","status":"publish","type":"product","link":"https:\/\/uxstudio.com.tr\/rdn\/urun\/cleaner-250-ml\/","title":{"rendered":"Cleaner 250 ml"},"content":{"rendered":"<p>Drenaj Temizli\u011fi<br \/>\n\u2022 Drain Clean, t\u00fcm damlama sistemleri i\u00e7in etkili bir temizlik maddesidir.<br \/>\n\u2022 Borular\u0131n\u0131zdaki t\u00fcm kir par\u00e7ac\u0131klar\u0131n\u0131 gidererek borular\u0131 a\u00e7\u0131k ve temiz tutar.<br \/>\n\u2022 Bitkilere canl\u0131 ve ye\u015fil bir g\u00f6r\u00fcn\u00fcm kazand\u0131r\u0131r<br \/>\n\u2022 Borular\u0131 y\u0131kama ihtiyac\u0131n\u0131 azalt\u0131r<\/p>\n<p>Dozaj:<br \/>\n1 ml ila 10 litre su<\/p>\n<p>Ba\u015fvuru: Damla sulama sisteminin t\u0131kanmas\u0131n\u0131 \u00f6nlemek i\u00e7in,<br \/>\nDrenaj Temizleme her sulama d\u00f6n\u00fc\u015f\u00fcnde sulama suyuna eklenmelidir.<br \/>\nArd\u0131ndan pH de\u011ferini d\u00fczeltin.<\/p>\n<p>\u00d6zellikler: Aktif madde POTASYUM TR\u0130POL\u0130FATLAR 12% OPL<br \/>\n\u00c7ocuklar\u0131n eri\u015femeyece\u011fi yerlerde saklay\u0131n<\/p>\n<p>Net a\u011f\u0131rl\u0131k:<br \/>\n335g \/ 250ml 612g \/ 0.5L 1244g \/ 1L<br \/>\n250 ml, 0,5 L, 1 L olarak mevcuttur<\/p>\n<p>Depolama s\u0131cakl\u0131\u011f\u0131: en az 5 santigrat derece<\/p>\n","protected":false},"excerpt":{"rendered":"<p>Drenaj Temizli\u011fi \u2022 Drain Clean, t\u00fcm damlama sistemleri i\u00e7in etkili bir temizlik maddesidir. \u2022 Borular\u0131n\u0131zdaki t\u00fcm kir par\u00e7ac\u0131klar\u0131n\u0131 gidererek borular\u0131 a\u00e7\u0131k ve temiz tutar. \u2022 Bitkilere canl\u0131 ve ye\u015fil bir g\u00f6r\u00fcn\u00fcm kazand\u0131r\u0131r \u2022 Borular\u0131 y\u0131kama ihtiyac\u0131n\u0131 azalt\u0131r Dozaj: 1 ml ila 10 litre su Ba\u015fvuru: Damla sulama sisteminin t\u0131kanmas\u0131n\u0131 \u00f6nlemek i\u00e7in, Drenaj Temizleme her sulama [&hellip;]<\/p>\n","protected":false},"featured_media":2087,"comment_status":"closed","ping_status":"closed","template":"","meta":[],"product_cat":[72,52],"product_tag":[],"class_list":{"0":"post-2086","1":"product","2":"type-product","3":"status-publish","4":"has-post-thumbnail","6":"product_cat-rdn-cleaner","7":"product_cat-rdn-katki-maddeleri","9":"first","10":"instock","11":"taxable","12":"shipping-taxable","13":"purchasable","14":"product-type-simple"},"_links":{"self":[{"href":"https:\/\/uxstudio.com.tr\/rdn\/wp-json\/wp\/v2\/product\/2086","targetHints":{"allow":["GET"]}}],"collection":[{"href":"https:\/\/uxstudio.com.tr\/rdn\/wp-json\/wp\/v2\/product"}],"about":[{"href":"https:\/\/uxstudio.com.tr\/rdn\/wp-json\/wp\/v2\/types\/product"}],"replies":[{"embeddable":true,"href":"https:\/\/uxstudio.com.tr\/rdn\/wp-json\/wp\/v2\/comments?post=2086"}],"wp:featuredmedia":[{"embeddable":true,"href":"https:\/\/uxstudio.com.tr\/rdn\/wp-json\/wp\/v2\/media\/2087"}],"wp:attachment":[{"href":"https:\/\/uxstudio.com.tr\/rdn\/wp-json\/wp\/v2\/media?parent=2086"}],"wp:term":[{"taxonomy":"product_cat","embeddable":true,"href":"https:\/\/uxstudio.com.tr\/rdn\/wp-json\/wp\/v2\/product_cat?post=2086"},{"taxonomy":"product_tag","embeddable":true,"href":"https:\/\/uxstudio.com.tr\/rdn\/wp-json\/wp\/v2\/product_tag?post=2086"}],"curies":[{"name":"wp","href":"https:\/\/api.w.org\/{rel}","templated":true}]}}