{"id":2119,"date":"2025-07-20T17:38:26","date_gmt":"2025-07-20T14:38:26","guid":{"rendered":"https:\/\/uxstudio.com.tr\/rdn\/?post_type=product&#038;p=2119"},"modified":"2025-08-14T12:17:29","modified_gmt":"2025-08-14T09:17:29","slug":"k-20-potasyum-5-l","status":"publish","type":"product","link":"https:\/\/uxstudio.com.tr\/rdn\/urun\/k-20-potasyum-5-l\/","title":{"rendered":"K 20% Potasyum 5 L"},"content":{"rendered":"<p>K 20%<br \/>\nH\u00fccre dokusunu g\u00fc\u00e7lendirmek ve sol\u00fcsyonu i\u00e7in \u00e7ok h\u0131zl\u0131 etkili potasyumlu g\u00fcbre<br \/>\nakut k\u0131tl\u0131k. H\u00fccre gerilimi, suyun h\u00fccre i\u00e7ine emilmesiyle olu\u015fur. bu nedenle<br \/>\nmahsul\u00fcn sertli\u011fi artar. G\u00fc\u00e7l\u00fc h\u00fccre duvarlar\u0131 nedeniyle mahsul, \u00f6zellikle mantarlar olmak \u00fczere zararl\u0131lara ve hasara kar\u015f\u0131 daha az hassast\u0131r.<br \/>\nOsmoz, bitkinin stomalar\u0131n\u0131n a\u00e7\u0131l\u0131p kapanmas\u0131nda da \u00f6nemli rol oynar. Bu mekanizma sadece<br \/>\nbuharla\u015fma i\u00e7in de\u011fil, ayn\u0131 zamanda CO2 (karbon dioksit) giri\u015fi i\u00e7in de \u00f6nemlidir.<br \/>\nve b\u00f6ylece fotosentez i\u00e7in. Potasyum da \u00e7i\u00e7eklenmeyi ba\u015flat\u0131r.<\/p>\n<p>\u00d6zellikler:<br \/>\nBu \u00fcr\u00fcn 20 adet % K2O i\u00e7erir<\/p>\n<p>Dozaj:<br \/>\n10 litre ba\u015f\u0131na 1-10 ml.<br \/>\nK 20 free klor\u00fcr i\u00e7ermez, \u00e7abuk emilir ve kullan\u0131mda \u00e7ok ekonomiktir.<br \/>\n\u00c7ocuklar\u0131n eri\u015femeyece\u011fi yerlerde saklay\u0131n.<\/p>\n<p>Net a\u011f\u0131rl\u0131k:<br \/>\n1348 g \/ 1 L 6395 g \/ 5 L 1 L, 5 L olarak mevcuttur.<\/p>\n<p>Depolama s\u0131cakl\u0131\u011f\u0131:<br \/>\nen az 5 santigrat derece<\/p>\n","protected":false},"excerpt":{"rendered":"<p>K 20% H\u00fccre dokusunu g\u00fc\u00e7lendirmek ve sol\u00fcsyonu i\u00e7in \u00e7ok h\u0131zl\u0131 etkili potasyumlu g\u00fcbre akut k\u0131tl\u0131k. H\u00fccre gerilimi, suyun h\u00fccre i\u00e7ine emilmesiyle olu\u015fur. bu nedenle mahsul\u00fcn sertli\u011fi artar. G\u00fc\u00e7l\u00fc h\u00fccre duvarlar\u0131 nedeniyle mahsul, \u00f6zellikle mantarlar olmak \u00fczere zararl\u0131lara ve hasara kar\u015f\u0131 daha az hassast\u0131r. Osmoz, bitkinin stomalar\u0131n\u0131n a\u00e7\u0131l\u0131p kapanmas\u0131nda da \u00f6nemli rol oynar. Bu mekanizma sadece [&hellip;]<\/p>\n","protected":false},"featured_media":2117,"comment_status":"closed","ping_status":"closed","template":"","meta":[],"product_cat":[71,52],"product_tag":[],"class_list":{"0":"post-2119","1":"product","2":"type-product","3":"status-publish","4":"has-post-thumbnail","6":"product_cat-rdn-k20-potasyum","7":"product_cat-rdn-katki-maddeleri","9":"first","10":"instock","11":"taxable","12":"shipping-taxable","13":"purchasable","14":"product-type-simple"},"_links":{"self":[{"href":"https:\/\/uxstudio.com.tr\/rdn\/wp-json\/wp\/v2\/product\/2119","targetHints":{"allow":["GET"]}}],"collection":[{"href":"https:\/\/uxstudio.com.tr\/rdn\/wp-json\/wp\/v2\/product"}],"about":[{"href":"https:\/\/uxstudio.com.tr\/rdn\/wp-json\/wp\/v2\/types\/product"}],"replies":[{"embeddable":true,"href":"https:\/\/uxstudio.com.tr\/rdn\/wp-json\/wp\/v2\/comments?post=2119"}],"wp:featuredmedia":[{"embeddable":true,"href":"https:\/\/uxstudio.com.tr\/rdn\/wp-json\/wp\/v2\/media\/2117"}],"wp:attachment":[{"href":"https:\/\/uxstudio.com.tr\/rdn\/wp-json\/wp\/v2\/media?parent=2119"}],"wp:term":[{"taxonomy":"product_cat","embeddable":true,"href":"https:\/\/uxstudio.com.tr\/rdn\/wp-json\/wp\/v2\/product_cat?post=2119"},{"taxonomy":"product_tag","embeddable":true,"href":"https:\/\/uxstudio.com.tr\/rdn\/wp-json\/wp\/v2\/product_tag?post=2119"}],"curies":[{"name":"wp","href":"https:\/\/api.w.org\/{rel}","templated":true}]}}