{"id":2147,"date":"2025-07-20T17:59:19","date_gmt":"2025-07-20T14:59:19","guid":{"rendered":"https:\/\/uxstudio.com.tr\/rdn\/?post_type=product&#038;p=2147"},"modified":"2025-08-14T13:02:16","modified_gmt":"2025-08-14T10:02:16","slug":"ph-59-1-l","status":"publish","type":"product","link":"https:\/\/uxstudio.com.tr\/rdn\/urun\/ph-59-1-l\/","title":{"rendered":"PH- 59% 1 L"},"content":{"rendered":"<p>PH Bloom 59%<br \/>\n\u00c7i\u00e7ekli bitkilerin besin \u00e7\u00f6zeltilerini asitlendirmek i\u00e7in<br \/>\n\u0130\u00e7indekiler: Fosforik Asit 59%.<\/p>\n<p>Kullan\u0131m talimatlar\u0131:<br \/>\nGerekti\u011fi kadar ekleyin, iyice kar\u0131\u015ft\u0131r\u0131n.<br \/>\nP290 Metaller i\u00e7in a\u015f\u0131nd\u0131r\u0131c\u0131 olabilir. H302 Yutulmas\u0131 halinde zararl\u0131d\u0131r.<br \/>\nH314 Ciddi cilt yan\u0131klar\u0131na ve g\u00f6z hasar\u0131na neden olur<\/p>\n<p>G\u00fcvenlik Tavsiyesi:<br \/>\nP234 Yaln\u0131zca orijinal kab\u0131nda saklay\u0131n.<br \/>\nP260 Buhar\u0131n\u0131\/spreyini solumay\u0131n. P301+P330+P331<\/p>\n<p>YUTULDU\u011eUNDAN SONRA:<br \/>\na\u011fz\u0131 \u00e7alkalay\u0131n. Kusturmaya \u00c7ALI\u015eMAYIN. P303+P361+P353<br \/>\nDER\u0130 \u0130LE TEMAS HAL\u0130NDE \u0130SE: (veya sa\u00e7): Kirlenmi\u015f t\u00fcm giysilerinizi hemen \u00e7\u0131kar\u0131n.<br \/>\nCildi suyla veya du\u015fla durulay\u0131n. P305+P351+P338<br \/>\nG\u00d6Z \u0130LE TEMASI HAL\u0130NDE: Birka\u00e7 dakika su ile nazik\u00e7e y\u0131kay\u0131n\u0131z.<br \/>\ndakika; m\u00fcmk\u00fcnse kontakt lensleri \u00e7\u0131kar\u0131n; durulamaya devam et.<br \/>\nP501 \u0130\u00e7eri\u011fi\/kab\u0131 ulusal y\u00f6netmeliklere g\u00f6re bertaraf edin.<\/p>\n<p>Depolama tavsiyesi:<br \/>\n\u00e7ocuklar\u0131n eri\u015femeyece\u011fi yerlerde.<br \/>\nNet a\u011f\u0131rl\u0131k: 666 g \/ 0,5 L 1273 g \/ 1 L 6328 g \/ 5 L<br \/>\n0,5 L, 1 L, 5 L olarak mevcuttur<\/p>\n<p>Depolama s\u0131cakl\u0131\u011f\u0131:<br \/>\nen az 5 santigrat derece<\/p>\n","protected":false},"excerpt":{"rendered":"<p>PH Bloom 59% \u00c7i\u00e7ekli bitkilerin besin \u00e7\u00f6zeltilerini asitlendirmek i\u00e7in \u0130\u00e7indekiler: Fosforik Asit 59%. Kullan\u0131m talimatlar\u0131: Gerekti\u011fi kadar ekleyin, iyice kar\u0131\u015ft\u0131r\u0131n. P290 Metaller i\u00e7in a\u015f\u0131nd\u0131r\u0131c\u0131 olabilir. H302 Yutulmas\u0131 halinde zararl\u0131d\u0131r. H314 Ciddi cilt yan\u0131klar\u0131na ve g\u00f6z hasar\u0131na neden olur G\u00fcvenlik Tavsiyesi: P234 Yaln\u0131zca orijinal kab\u0131nda saklay\u0131n. P260 Buhar\u0131n\u0131\/spreyini solumay\u0131n. P301+P330+P331 YUTULDU\u011eUNDAN SONRA: a\u011fz\u0131 \u00e7alkalay\u0131n. Kusturmaya \u00c7ALI\u015eMAYIN. [&hellip;]<\/p>\n","protected":false},"featured_media":2145,"comment_status":"closed","ping_status":"closed","template":"","meta":[],"product_cat":[15,52,77],"product_tag":[],"class_list":{"0":"post-2147","1":"product","2":"type-product","3":"status-publish","4":"has-post-thumbnail","6":"product_cat-genel","7":"product_cat-rdn-katki-maddeleri","8":"product_cat-rdn-ph","10":"first","11":"instock","12":"taxable","13":"shipping-taxable","14":"purchasable","15":"product-type-simple"},"_links":{"self":[{"href":"https:\/\/uxstudio.com.tr\/rdn\/wp-json\/wp\/v2\/product\/2147","targetHints":{"allow":["GET"]}}],"collection":[{"href":"https:\/\/uxstudio.com.tr\/rdn\/wp-json\/wp\/v2\/product"}],"about":[{"href":"https:\/\/uxstudio.com.tr\/rdn\/wp-json\/wp\/v2\/types\/product"}],"replies":[{"embeddable":true,"href":"https:\/\/uxstudio.com.tr\/rdn\/wp-json\/wp\/v2\/comments?post=2147"}],"wp:featuredmedia":[{"embeddable":true,"href":"https:\/\/uxstudio.com.tr\/rdn\/wp-json\/wp\/v2\/media\/2145"}],"wp:attachment":[{"href":"https:\/\/uxstudio.com.tr\/rdn\/wp-json\/wp\/v2\/media?parent=2147"}],"wp:term":[{"taxonomy":"product_cat","embeddable":true,"href":"https:\/\/uxstudio.com.tr\/rdn\/wp-json\/wp\/v2\/product_cat?post=2147"},{"taxonomy":"product_tag","embeddable":true,"href":"https:\/\/uxstudio.com.tr\/rdn\/wp-json\/wp\/v2\/product_tag?post=2147"}],"curies":[{"name":"wp","href":"https:\/\/api.w.org\/{rel}","templated":true}]}}