{"id":2150,"date":"2025-07-20T18:16:07","date_gmt":"2025-07-20T15:16:07","guid":{"rendered":"https:\/\/uxstudio.com.tr\/rdn\/?post_type=product&#038;p=2150"},"modified":"2025-08-14T11:50:02","modified_gmt":"2025-08-14T08:50:02","slug":"pk-13-14-1-l","status":"publish","type":"product","link":"https:\/\/uxstudio.com.tr\/rdn\/urun\/pk-13-14-1-l\/","title":{"rendered":"PK 13\/14 1 L"},"content":{"rendered":"<p>PK 13-14<br \/>\n\u2022 Profesyonel Fosforlu Potasyum G\u00fcbresi<br \/>\nPK 13\/14 \u00e7i\u00e7ekli bitkiler ve ekinler i\u00e7in vazge\u00e7ilmezdir.<br \/>\nFosfor, sa\u011fl\u0131kl\u0131, yayg\u0131n bir k\u00f6k sisteminin geli\u015fimi i\u00e7in ve<br \/>\nco\u015fkulu bir \u00e7i\u00e7ek. Potasyum \u00e7i\u00e7eklenmeyi ba\u015flat\u0131r.<\/p>\n<p>EC G\u00dcBRE PK g\u00fcbrelerinin \u00e7\u00f6zeltisi. Sadece net ihtiya\u00e7 durumunda kullan\u0131lmal\u0131d\u0131r.<br \/>\nGerekli dozu a\u015fmay\u0131n.<\/p>\n<p>Seviyeler:<br \/>\nFosfor pentoksit (P2O5): 13% suda \u00e7\u00f6z\u00fcn\u00fcr.<\/p>\n<p>Potasyum Oksit (K2O):<br \/>\n14% suda \u00e7\u00f6z\u00fcn\u00fcr. Klor\u00fcr fakiri.<\/p>\n<p>Ba\u015fvuru:<br \/>\nToprak, hidro ve hindistancevizi \u00fczerinde yeti\u015ftirmek i\u00e7in normal NPK yemine ilave olarak uygundur.<\/p>\n<p>\u00d6nerilen doz:<br \/>\n100 litre su ba\u015f\u0131na 25 ml ila maksimum 100 ml.<\/p>\n<p>Depolama talimatlar\u0131:<br \/>\n\u00d6zel g\u00fcvenlik \u00f6nlemleri gerekmez.<br \/>\n\u00dcr\u00fcn\u00fc kuru, iyi havaland\u0131r\u0131lm\u0131\u015f bir alanda saklay\u0131n.<br \/>\nD\u00f6k\u00fclme veya s\u0131z\u0131nt\u0131 olmas\u0131 durumunda alan\u0131 havaland\u0131r\u0131n. Emici malzeme ile dikin.<br \/>\nKanalizasyona veya umumi sulara girmesine izin vermeyin. Zemine izinsiz girmekten ka\u00e7\u0131n\u0131n.<\/p>\n<p>Kullan\u0131m talimatlar\u0131:<br \/>\nUygun koruyucu giysi, eldiven ve koruyucu g\u00f6zl\u00fck kullan\u0131n.<br \/>\nCilt ile temas\u0131 halinde hemen su ile y\u0131kay\u0131n\u0131z.<br \/>\nYutulmas\u0131 halinde derhal t\u0131bbi yard\u0131m al\u0131n ve etiketi g\u00f6sterin.<br \/>\nKullan\u0131m s\u0131ras\u0131nda yemek yemeyin, i\u00e7meyin veya sigara i\u00e7meyin. \u00c7ocuklar\u0131n eri\u015femeyece\u011fi yerlerde saklay\u0131n.<\/p>\n<p>Net a\u011f\u0131rl\u0131k:<br \/>\n1339 gr \/1 L 6833 gr \/5 L 13.586 gr \/10 L<br \/>\n1 L, 5 L, 10 L olarak mevcuttur<\/p>\n<p>Depolama s\u0131cakl\u0131\u011f\u0131:<br \/>\nen az 5 santigrat derece<\/p>\n","protected":false},"excerpt":{"rendered":"<p>PK 13-14 \u2022 Profesyonel Fosforlu Potasyum G\u00fcbresi PK 13\/14 \u00e7i\u00e7ekli bitkiler ve ekinler i\u00e7in vazge\u00e7ilmezdir. Fosfor, sa\u011fl\u0131kl\u0131, yayg\u0131n bir k\u00f6k sisteminin geli\u015fimi i\u00e7in ve co\u015fkulu bir \u00e7i\u00e7ek. Potasyum \u00e7i\u00e7eklenmeyi ba\u015flat\u0131r. EC G\u00dcBRE PK g\u00fcbrelerinin \u00e7\u00f6zeltisi. Sadece net ihtiya\u00e7 durumunda kullan\u0131lmal\u0131d\u0131r. Gerekli dozu a\u015fmay\u0131n. Seviyeler: Fosfor pentoksit (P2O5): 13% suda \u00e7\u00f6z\u00fcn\u00fcr. Potasyum Oksit (K2O): 14% suda [&hellip;]<\/p>\n","protected":false},"featured_media":2152,"comment_status":"closed","ping_status":"closed","template":"","meta":[],"product_cat":[52,75],"product_tag":[],"class_list":{"0":"post-2150","1":"product","2":"type-product","3":"status-publish","4":"has-post-thumbnail","6":"product_cat-rdn-katki-maddeleri","7":"product_cat-rdn-pk-13-14","9":"first","10":"instock","11":"taxable","12":"shipping-taxable","13":"purchasable","14":"product-type-simple"},"_links":{"self":[{"href":"https:\/\/uxstudio.com.tr\/rdn\/wp-json\/wp\/v2\/product\/2150","targetHints":{"allow":["GET"]}}],"collection":[{"href":"https:\/\/uxstudio.com.tr\/rdn\/wp-json\/wp\/v2\/product"}],"about":[{"href":"https:\/\/uxstudio.com.tr\/rdn\/wp-json\/wp\/v2\/types\/product"}],"replies":[{"embeddable":true,"href":"https:\/\/uxstudio.com.tr\/rdn\/wp-json\/wp\/v2\/comments?post=2150"}],"wp:featuredmedia":[{"embeddable":true,"href":"https:\/\/uxstudio.com.tr\/rdn\/wp-json\/wp\/v2\/media\/2152"}],"wp:attachment":[{"href":"https:\/\/uxstudio.com.tr\/rdn\/wp-json\/wp\/v2\/media?parent=2150"}],"wp:term":[{"taxonomy":"product_cat","embeddable":true,"href":"https:\/\/uxstudio.com.tr\/rdn\/wp-json\/wp\/v2\/product_cat?post=2150"},{"taxonomy":"product_tag","embeddable":true,"href":"https:\/\/uxstudio.com.tr\/rdn\/wp-json\/wp\/v2\/product_tag?post=2150"}],"curies":[{"name":"wp","href":"https:\/\/api.w.org\/{rel}","templated":true}]}}