{"id":2168,"date":"2025-07-20T18:25:54","date_gmt":"2025-07-20T15:25:54","guid":{"rendered":"https:\/\/uxstudio.com.tr\/rdn\/?post_type=product&#038;p=2168"},"modified":"2025-08-14T11:33:16","modified_gmt":"2025-08-14T08:33:16","slug":"power-rootz-koklendirici-500-ml","status":"publish","type":"product","link":"https:\/\/uxstudio.com.tr\/rdn\/urun\/power-rootz-koklendirici-500-ml\/","title":{"rendered":"Power Rootz (k\u00f6klendirici) 500 ml"},"content":{"rendered":"<p>K\u00f6k Stim\u00fclasyonu<br \/>\nK\u00f6k b\u00fcy\u00fcmesini te\u015fvik etmek i\u00e7in geli\u015ftirilmi\u015f do\u011fal g\u00fcbre ve biyo-stim\u00fclat\u00f6r.<\/p>\n<p>\u2022 \u00c7e\u015fitli eser elementler ve do\u011fal i\u00e7erir<br \/>\nbitki hormonlar\u0131.<br \/>\n\u2022 Amino asitler a\u00e7\u0131s\u0131ndan zengindir.<br \/>\n\u2022 Patojenik mantarlara kar\u015f\u0131 artan diren\u00e7 sa\u011flar.<br \/>\n\u2022 Genel mahsul b\u00fcy\u00fcmesini ve durumunu iyile\u015ftirir.<br \/>\n\u2022 Kalsiyum emilimini art\u0131r\u0131r.<\/p>\n<p>Kompozisyon:<br \/>\n\u2022 Kuru madde % 20<br \/>\n\u2022 Organik madde % 13<br \/>\n\u2022 \u00c7\u00f6z\u00fcn\u00fcr potasyum K2O % 2<br \/>\n\u2022 Toplam Azot (Organik) % 1<\/p>\n<p>Ba\u015fvuru:<br \/>\nBitki veya mahsul\u00fcn b\u00fcy\u00fcme a\u015famas\u0131nda sulama suyuna g\u00fcnl\u00fck olarak ekleyin.<\/p>\n<p>Dozaj:<br \/>\n1 ml ila 1 litre sulama suyu (1:1000)<\/p>\n<p>Net a\u011f\u0131rl\u0131k:<br \/>\n288 gr \/ 250 ml 567 gr \/ 0,5 L 1104 gr \/ 1 L 5332 gr \/ 5 L<br \/>\n250ml, 0.5L, 1L, 5L&#8217;de mevcuttur<\/p>\n<p>Depolama s\u0131cakl\u0131\u011f\u0131:<br \/>\nen az 5 santigrat derece<\/p>\n","protected":false},"excerpt":{"rendered":"<p>K\u00f6k Stim\u00fclasyonu K\u00f6k b\u00fcy\u00fcmesini te\u015fvik etmek i\u00e7in geli\u015ftirilmi\u015f do\u011fal g\u00fcbre ve biyo-stim\u00fclat\u00f6r. \u2022 \u00c7e\u015fitli eser elementler ve do\u011fal i\u00e7erir bitki hormonlar\u0131. \u2022 Amino asitler a\u00e7\u0131s\u0131ndan zengindir. \u2022 Patojenik mantarlara kar\u015f\u0131 artan diren\u00e7 sa\u011flar. \u2022 Genel mahsul b\u00fcy\u00fcmesini ve durumunu iyile\u015ftirir. \u2022 Kalsiyum emilimini art\u0131r\u0131r. Kompozisyon: \u2022 Kuru madde % 20 \u2022 Organik madde % 13 [&hellip;]<\/p>\n","protected":false},"featured_media":2162,"comment_status":"closed","ping_status":"closed","template":"","meta":[],"product_cat":[62,50],"product_tag":[],"class_list":{"0":"post-2168","1":"product","2":"type-product","3":"status-publish","4":"has-post-thumbnail","6":"product_cat-rdn-power-rootz","7":"product_cat-rdn-uyaricilar","9":"first","10":"instock","11":"taxable","12":"shipping-taxable","13":"purchasable","14":"product-type-simple"},"_links":{"self":[{"href":"https:\/\/uxstudio.com.tr\/rdn\/wp-json\/wp\/v2\/product\/2168","targetHints":{"allow":["GET"]}}],"collection":[{"href":"https:\/\/uxstudio.com.tr\/rdn\/wp-json\/wp\/v2\/product"}],"about":[{"href":"https:\/\/uxstudio.com.tr\/rdn\/wp-json\/wp\/v2\/types\/product"}],"replies":[{"embeddable":true,"href":"https:\/\/uxstudio.com.tr\/rdn\/wp-json\/wp\/v2\/comments?post=2168"}],"wp:featuredmedia":[{"embeddable":true,"href":"https:\/\/uxstudio.com.tr\/rdn\/wp-json\/wp\/v2\/media\/2162"}],"wp:attachment":[{"href":"https:\/\/uxstudio.com.tr\/rdn\/wp-json\/wp\/v2\/media?parent=2168"}],"wp:term":[{"taxonomy":"product_cat","embeddable":true,"href":"https:\/\/uxstudio.com.tr\/rdn\/wp-json\/wp\/v2\/product_cat?post=2168"},{"taxonomy":"product_tag","embeddable":true,"href":"https:\/\/uxstudio.com.tr\/rdn\/wp-json\/wp\/v2\/product_tag?post=2168"}],"curies":[{"name":"wp","href":"https:\/\/api.w.org\/{rel}","templated":true}]}}