{"id":2181,"date":"2025-07-20T18:33:43","date_gmt":"2025-07-20T15:33:43","guid":{"rendered":"https:\/\/uxstudio.com.tr\/rdn\/?post_type=product&#038;p=2181"},"modified":"2025-08-14T13:04:53","modified_gmt":"2025-08-14T10:04:53","slug":"power-booster-1-l","status":"publish","type":"product","link":"https:\/\/uxstudio.com.tr\/rdn\/urun\/power-booster-1-l\/","title":{"rendered":"Power Booster 1 L"},"content":{"rendered":"<p>B\u00fcy\u00fc Takviyesi<br \/>\n\u2022 Olgunla\u015fmay\u0131 iyile\u015ftirmek i\u00e7in geli\u015ftirilmi\u015f profesyonel g\u00fcbre<br \/>\ntomurcuklar\u0131, meyve ve \u00e7i\u00e7ekler.<br \/>\n\u2022 \u00c7i\u00e7eklenme d\u00f6neminin son d\u00f6neminde kullan\u0131l\u0131r.<br \/>\n\u2022 Temel ana ve iz elementleri i\u00e7erir.<br \/>\nolgunla\u015fma s\u00fcrecini ba\u015flatmak i\u00e7in bitkiyi te\u015fvik edin.<br \/>\n\u2022 T\u00fcm g\u00fcc\u00fcn korunmas\u0131n\u0131 sa\u011flar<br \/>\nbitkiden meyvelere ve\/veya \u00e7i\u00e7eklere.<\/p>\n<p>EC G\u00dcBRE Birincil, ikincil besin maddeleri i\u00e7eren inorganik g\u00fcbre, kar\u0131\u015f\u0131m.<br \/>\nSadece kesin ihtiya\u00e7 durumunda kullan\u0131lmal\u0131d\u0131r. Gerekli dozu a\u015fmay\u0131n.<\/p>\n<p>Seviyeler:<br \/>\na\u011f\u0131rl\u0131k y\u00fczdesi (a\/a) olarak tamamen suda \u00e7\u00f6z\u00fcn\u00fcr: NPK 2-10-4<\/p>\n<p>Ba\u015fvuru:<br \/>\nSon a\u015famada hem substrat ekimi hem de a\u00e7\u0131k zemin i\u00e7in kullan\u0131labilir.<br \/>\n\u00e7i\u00e7eklenme d\u00f6nemi.<\/p>\n<p>Dozaj:<br \/>\n1 ml ila 1 litre sulama suyu.<\/p>\n<p>Depolama talimatlar\u0131:<br \/>\n\u00d6zel g\u00fcvenlik \u00f6nlemleri gerekmez. \u00dcr\u00fcn\u00fc kaydet<br \/>\nkuru, iyi havaland\u0131r\u0131lm\u0131\u015f bir alanda. D\u00f6k\u00fclme veya s\u0131z\u0131nt\u0131 olmas\u0131 durumunda alan\u0131 havaland\u0131r\u0131n.<br \/>\nEmici malzeme ile dikin.<br \/>\nKanalizasyona veya umumi sulara girmesine izin vermeyin. Zemine izinsiz girmekten ka\u00e7\u0131n\u0131n.<\/p>\n<p>Kullan\u0131m talimatlar\u0131:<br \/>\nUygun koruyucu giysi, eldiven ve koruyucu g\u00f6zl\u00fck kullan\u0131n.<br \/>\nCilt ile temas\u0131 halinde hemen su ile y\u0131kay\u0131n\u0131z.<br \/>\nYutulmas\u0131 halinde derhal t\u0131bbi yard\u0131m al\u0131n ve etiketi g\u00f6sterin.<br \/>\nKullan\u0131m s\u0131ras\u0131nda yemek yemeyin, i\u00e7meyin veya sigara i\u00e7meyin. \u00c7ocuklar\u0131n eri\u015femeyece\u011fi yerlerde saklay\u0131n.<\/p>\n<p>Net a\u011f\u0131rl\u0131k:<br \/>\n0,5 L 1332 gr \/ 1 L 6170 gr \/ 5 L<br \/>\n0.5L, 1L, 5L&#8217;de mevcuttur<\/p>\n<p>Depolama s\u0131cakl\u0131\u011f\u0131:<br \/>\nen az 5 santigrat derece<\/p>\n","protected":false},"excerpt":{"rendered":"<p>B\u00fcy\u00fc Takviyesi \u2022 Olgunla\u015fmay\u0131 iyile\u015ftirmek i\u00e7in geli\u015ftirilmi\u015f profesyonel g\u00fcbre tomurcuklar\u0131, meyve ve \u00e7i\u00e7ekler. \u2022 \u00c7i\u00e7eklenme d\u00f6neminin son d\u00f6neminde kullan\u0131l\u0131r. \u2022 Temel ana ve iz elementleri i\u00e7erir. olgunla\u015fma s\u00fcrecini ba\u015flatmak i\u00e7in bitkiyi te\u015fvik edin. \u2022 T\u00fcm g\u00fcc\u00fcn korunmas\u0131n\u0131 sa\u011flar bitkiden meyvelere ve\/veya \u00e7i\u00e7eklere. EC G\u00dcBRE Birincil, ikincil besin maddeleri i\u00e7eren inorganik g\u00fcbre, kar\u0131\u015f\u0131m. Sadece kesin ihtiya\u00e7 [&hellip;]<\/p>\n","protected":false},"featured_media":2179,"comment_status":"closed","ping_status":"closed","template":"","meta":[],"product_cat":[51,65],"product_tag":[],"class_list":{"0":"post-2181","1":"product","2":"type-product","3":"status-publish","4":"has-post-thumbnail","6":"product_cat-rdn-guclendiriciler","7":"product_cat-rdn-power-booster","9":"first","10":"instock","11":"taxable","12":"shipping-taxable","13":"purchasable","14":"product-type-simple"},"_links":{"self":[{"href":"https:\/\/uxstudio.com.tr\/rdn\/wp-json\/wp\/v2\/product\/2181","targetHints":{"allow":["GET"]}}],"collection":[{"href":"https:\/\/uxstudio.com.tr\/rdn\/wp-json\/wp\/v2\/product"}],"about":[{"href":"https:\/\/uxstudio.com.tr\/rdn\/wp-json\/wp\/v2\/types\/product"}],"replies":[{"embeddable":true,"href":"https:\/\/uxstudio.com.tr\/rdn\/wp-json\/wp\/v2\/comments?post=2181"}],"wp:featuredmedia":[{"embeddable":true,"href":"https:\/\/uxstudio.com.tr\/rdn\/wp-json\/wp\/v2\/media\/2179"}],"wp:attachment":[{"href":"https:\/\/uxstudio.com.tr\/rdn\/wp-json\/wp\/v2\/media?parent=2181"}],"wp:term":[{"taxonomy":"product_cat","embeddable":true,"href":"https:\/\/uxstudio.com.tr\/rdn\/wp-json\/wp\/v2\/product_cat?post=2181"},{"taxonomy":"product_tag","embeddable":true,"href":"https:\/\/uxstudio.com.tr\/rdn\/wp-json\/wp\/v2\/product_tag?post=2181"}],"curies":[{"name":"wp","href":"https:\/\/api.w.org\/{rel}","templated":true}]}}