{"id":2204,"date":"2025-08-14T12:01:58","date_gmt":"2025-08-14T09:01:58","guid":{"rendered":"https:\/\/uxstudio.com.tr\/rdn\/?post_type=product&#038;p=2204"},"modified":"2025-08-14T12:03:29","modified_gmt":"2025-08-14T09:03:29","slug":"power-zyme-5-l","status":"publish","type":"product","link":"https:\/\/uxstudio.com.tr\/rdn\/urun\/power-zyme-5-l\/","title":{"rendered":"Power Zyme 5 L"},"content":{"rendered":"<p>Power Zyme<br \/>\nEnzimler besinlerin bitki taraf\u0131ndan daha kolay emilmesini sa\u011flar ve<br \/>\na\u015f\u0131r\u0131 g\u00fcbreleme riskini azalt\u0131r. Eklenen bakteriler toprak \u00f6mr\u00fcn\u00fc uyar\u0131r<br \/>\nve sa\u011fl\u0131kl\u0131 ve sa\u011flam bir mahsul sa\u011flamak. Alt tabakada \u00f6l\u00fc bitkiler ve k\u00f6k kal\u0131nt\u0131lar\u0131<br \/>\nbozulur ve hastal\u0131klar ve mantarlar daha az \u015fansa sahiptir.<\/p>\n<p>\u00d6zellikler:<br \/>\nSel\u00fclaz enzimleri (>15 UA\/ml),<br \/>\n0.2 % bitkisel \u015fekerler,<br \/>\nmikroorganizmalar (5\u00d7109 kob\/ml)<\/p>\n<p>Dozaj:<br \/>\n10 litre sulama suyuna haftal\u0131k 20 ml.<\/p>\n<p>Net a\u011f\u0131rl\u0131k:<br \/>\n1062g\/ 1L 5158g\/ 5L 10.309g\/10L<br \/>\n0,5 L, 1 L, 5 L, 10 L olarak mevcuttur<\/p>\n<p>Depolama s\u0131cakl\u0131\u011f\u0131:<br \/>\nen az 5 santigrat derece<\/p>\n","protected":false},"excerpt":{"rendered":"<p>Power Zyme Enzimler besinlerin bitki taraf\u0131ndan daha kolay emilmesini sa\u011flar ve a\u015f\u0131r\u0131 g\u00fcbreleme riskini azalt\u0131r. Eklenen bakteriler toprak \u00f6mr\u00fcn\u00fc uyar\u0131r ve sa\u011fl\u0131kl\u0131 ve sa\u011flam bir mahsul sa\u011flamak. Alt tabakada \u00f6l\u00fc bitkiler ve k\u00f6k kal\u0131nt\u0131lar\u0131 bozulur ve hastal\u0131klar ve mantarlar daha az \u015fansa sahiptir. \u00d6zellikler: Sel\u00fclaz enzimleri (>15 UA\/ml), 0.2 % bitkisel \u015fekerler, mikroorganizmalar (5\u00d7109 kob\/ml) [&hellip;]<\/p>\n","protected":false},"featured_media":2188,"comment_status":"closed","ping_status":"closed","template":"","meta":[],"product_cat":[52,73],"product_tag":[],"class_list":{"0":"post-2204","1":"product","2":"type-product","3":"status-publish","4":"has-post-thumbnail","6":"product_cat-rdn-katki-maddeleri","7":"product_cat-rdn-super-zyme","9":"first","10":"instock","11":"taxable","12":"shipping-taxable","13":"purchasable","14":"product-type-simple"},"_links":{"self":[{"href":"https:\/\/uxstudio.com.tr\/rdn\/wp-json\/wp\/v2\/product\/2204","targetHints":{"allow":["GET"]}}],"collection":[{"href":"https:\/\/uxstudio.com.tr\/rdn\/wp-json\/wp\/v2\/product"}],"about":[{"href":"https:\/\/uxstudio.com.tr\/rdn\/wp-json\/wp\/v2\/types\/product"}],"replies":[{"embeddable":true,"href":"https:\/\/uxstudio.com.tr\/rdn\/wp-json\/wp\/v2\/comments?post=2204"}],"wp:featuredmedia":[{"embeddable":true,"href":"https:\/\/uxstudio.com.tr\/rdn\/wp-json\/wp\/v2\/media\/2188"}],"wp:attachment":[{"href":"https:\/\/uxstudio.com.tr\/rdn\/wp-json\/wp\/v2\/media?parent=2204"}],"wp:term":[{"taxonomy":"product_cat","embeddable":true,"href":"https:\/\/uxstudio.com.tr\/rdn\/wp-json\/wp\/v2\/product_cat?post=2204"},{"taxonomy":"product_tag","embeddable":true,"href":"https:\/\/uxstudio.com.tr\/rdn\/wp-json\/wp\/v2\/product_tag?post=2204"}],"curies":[{"name":"wp","href":"https:\/\/api.w.org\/{rel}","templated":true}]}}